{"id":37,"date":"2025-11-20T18:58:37","date_gmt":"2025-11-20T18:58:37","guid":{"rendered":"https:\/\/veno.es\/shop\/?page_id=37"},"modified":"2025-11-21T10:04:14","modified_gmt":"2025-11-21T10:04:14","slug":"legal-notice","status":"publish","type":"page","link":"https:\/\/veno.es\/shop\/legal-notice\/","title":{"rendered":"Legal Notice"},"content":{"rendered":"\n<p>\ud83c\uddea\ud83c\uddf8\/\ud83c\uddec\ud83c\udde7 AVISO LEGAL \/ LEGAL NOTICE<\/p>\n\n\n\n<h3 class=\"wp-block-heading\">1. Datos Identificativos (Identifying Data)<\/h3>\n\n\n\n<p>En cumplimiento con el deber de informaci\u00f3n recogido en art\u00edculo 10 de la Ley 34\/2002, de 11 de julio, de Servicios de la Sociedad de la Informaci\u00f3n y del Comercio Electr\u00f3nico (LSSI-CE), se informa que el titular del sitio web y proveedor del Plugin\/Servicio es:<br><em>In compliance with the duty of information contained in Article 10 of Law 34\/2002, of July 11, on Services of the Information Society and Electronic Commerce (LSSI-CE), the user is informed that the owner of this website and provider of the Plugin\/Service is:<\/em><\/p>\n\n\n\n<p>Nicola Franchini<br>Y3864707P<br>Arona &#8211; S.C.Tenerife &#8211; Spain<\/p>\n\n\n\n<p>info@veno.es<\/p>\n\n\n\n<h3 class=\"wp-block-heading\">2. T\u00e9rminos y Condiciones de Uso (Terms and Conditions of Use)<\/h3>\n\n\n\n<p>El acceso y\/o uso de este portal atribuye la condici\u00f3n de USUARIO, que acepta, desde dicho acceso y\/o uso, los T\u00e9rminos y Condiciones Generales de Uso aqu\u00ed reflejadas. Las citadas Condiciones ser\u00e1n de aplicaci\u00f3n independientemente de las Condiciones Generales de Contrataci\u00f3n que en su caso resulten de obligado cumplimiento.<br><em>Access to and\/or use of this portal attributes the condition of USER, who accepts, from said access and\/or use, the General Terms and Conditions of Use reflected here. The aforementioned Conditions shall apply regardless of the General Contracting Conditions that may be mandatory.<\/em><br>\u2022 <a href=\"https:\/\/veno.es\/shop\/terms-conditions\/\" data-type=\"page\" data-id=\"42\">T\u00e9rminos y Condiciones<\/a>: (Terms and Conditions)<br>\u2022 <a href=\"https:\/\/veno.es\/shop\/privacy-policy\/\" data-type=\"page\" data-id=\"3\">Pol\u00edtica de Privacidad<\/a>: (Privacy Policy)<\/p>\n\n\n\n<h3 class=\"wp-block-heading\">3. Ley Aplicable y Jurisdicci\u00f3n (Applicable Law and Jurisdiction)<\/h3>\n\n\n\n<p>La relaci\u00f3n entre el Usuario y el Prestador se regir\u00e1 por la normativa vigente y de aplicaci\u00f3n en el territorio espa\u00f1ol. De surgir cualquier controversia, las partes podr\u00e1n someter sus conflictos a arbitraje o acudir a la jurisdicci\u00f3n ordinaria cumpliendo con las normas sobre jurisdicci\u00f3n y competencia al respecto. El Prestador tiene su domicilio en ARONA (Santa Cruz de Tenerife), Espa\u00f1a.<\/p>\n\n\n\n<p>Para la resoluci\u00f3n de conflictos empresariales (B2B), las partes se someten expresamente a los Juzgados y Tribunales de SANTA CRUZ DE TENERIFE, renunciando a cualquier otro fuero que pudiera corresponderles. En caso de que el Usuario tenga la condici\u00f3n de Consumidor (B2C), se aplicar\u00e1 la jurisdicci\u00f3n del domicilio del consumidor.<\/p>\n\n\n\n<p><em>The relationship between the User and the Provider shall be governed by the regulations in force and applicable in Spanish territory. Should any dispute arise, the parties may submit their conflicts to arbitration or resort to the ordinary jurisdiction in compliance with the rules on jurisdiction and competence in this regard. The Provider has its registered office in ARONA (Santa Cruz de Tenerife), Spain.<\/em><\/p>\n\n\n\n<p><em>For the resolution of business disputes (B2B), the parties expressly submit to the Courts and Tribunals of SANTA CRUZ DE TENERIFE, waiving any other jurisdiction that may correspond to them. In the event that the User ha4s the status of Consumer (B2C), the jurisdiction of the consumer&#8217;s domicile shall apply.<\/em><\/p>\n\n\n\n<h3 class=\"wp-block-heading\">4. Exclusi\u00f3n de Garant\u00edas y Responsabilidad (Exclusion of Guarantees and Liability)<\/h3>\n\n\n\n<p>El Prestador no otorga ninguna garant\u00eda ni se hace responsable, en ning\u00fan caso, de los da\u00f1os y perjuicios de cualquier naturaleza que pudieran derivarse del uso del sitio web. A t\u00edtulo enunciativo: errores u omisiones en los contenidos, falta de disponibilidad del portal o la transmisi\u00f3n de virus o programas maliciosos o lesivos en los contenidos, a pesar de haber adoptado todas las medidas tecnol\u00f3gicas necesarias para evitarlo.<\/p>\n\n\n\n<p>Para las condiciones espec\u00edficas, garant\u00edas y limitaciones de responsabilidad relativas al <strong>Software (Plugin) y servicios contratados<\/strong>, el Usuario deber\u00e1 remitirse a los <strong><a href=\"https:\/\/veno.es\/shop\/terms-conditions\/\" data-type=\"page\" data-id=\"42\">T\u00e9rminos y Condiciones de Contrataci\u00f3n<\/a><\/strong>.<\/p>\n\n\n\n<p><em>The Provider grants no guarantee and is not responsible, under any circumstances, for damages of any kind that may arise from the use of the website. By way of example: errors or omissions in the content, lack of availability of the portal, or the transmission of viruses or malicious or harmful programs in the content, despite having adopted all the necessary technological measures to prevent it.<\/em><\/p>\n\n\n\n<p><em>For specific conditions, guarantees, and limitations of liability regarding the <strong>Software (Plugin) and contracted services<\/strong>, the User must refer to the <strong><a href=\"https:\/\/veno.es\/shop\/terms-conditions\/\" data-type=\"page\" data-id=\"42\">Terms and Conditions of Contracting<\/a><\/strong>.<\/em><\/p>\n","protected":false},"excerpt":{"rendered":"<p>\ud83c\uddea\ud83c\uddf8\/\ud83c\uddec\ud83c\udde7 AVISO LEGAL \/ LEGAL NOTICE 1. Datos Identificativos (Identifying Data) En cumplimiento con el deber de informaci\u00f3n recogido en art\u00edculo 10 de la Ley 34\/2002, de 11 de julio, de Servicios de la Sociedad de la Informaci\u00f3n y del Comercio Electr\u00f3nico (LSSI-CE), se informa que el titular del sitio web y proveedor del Plugin\/Servicio [&hellip;]<\/p>\n","protected":false},"author":1,"featured_media":0,"parent":0,"menu_order":0,"comment_status":"closed","ping_status":"closed","template":"","meta":{"footnotes":""},"class_list":["post-37","page","type-page","status-publish","hentry"],"yoast_head":"<!-- This site is optimized with the Yoast SEO plugin v27.3 - https:\/\/yoast.com\/product\/yoast-seo-wordpress\/ -->\n<title>Legal Notice - Veno Store<\/title>\n<meta name=\"robots\" content=\"index, follow, max-snippet:-1, max-image-preview:large, max-video-preview:-1\" \/>\n<link rel=\"canonical\" href=\"https:\/\/veno.es\/shop\/legal-notice\/\" \/>\n<meta property=\"og:locale\" content=\"en_US\" \/>\n<meta property=\"og:type\" content=\"article\" \/>\n<meta property=\"og:title\" content=\"Legal Notice - Veno Store\" \/>\n<meta property=\"og:description\" content=\"\ud83c\uddea\ud83c\uddf8\/\ud83c\uddec\ud83c\udde7 AVISO LEGAL \/ LEGAL NOTICE 1. Datos Identificativos (Identifying Data) En cumplimiento con el deber de informaci\u00f3n recogido en art\u00edculo 10 de la Ley 34\/2002, de 11 de julio, de Servicios de la Sociedad de la Informaci\u00f3n y del Comercio Electr\u00f3nico (LSSI-CE), se informa que el titular del sitio web y proveedor del Plugin\/Servicio [&hellip;]\" \/>\n<meta property=\"og:url\" content=\"https:\/\/veno.es\/shop\/legal-notice\/\" \/>\n<meta property=\"og:site_name\" content=\"Veno Store\" \/>\n<meta property=\"article:modified_time\" content=\"2025-11-21T10:04:14+00:00\" \/>\n<meta name=\"twitter:card\" content=\"summary_large_image\" \/>\n<meta name=\"twitter:label1\" content=\"Est. reading time\" \/>\n\t<meta name=\"twitter:data1\" content=\"3 minutes\" \/>\n<script type=\"application\/ld+json\" class=\"yoast-schema-graph\">{\"@context\":\"https:\\\/\\\/schema.org\",\"@graph\":[{\"@type\":\"WebPage\",\"@id\":\"https:\\\/\\\/veno.es\\\/shop\\\/legal-notice\\\/\",\"url\":\"https:\\\/\\\/veno.es\\\/shop\\\/legal-notice\\\/\",\"name\":\"Legal Notice - Veno Store\",\"isPartOf\":{\"@id\":\"https:\\\/\\\/veno.es\\\/shop\\\/#website\"},\"datePublished\":\"2025-11-20T18:58:37+00:00\",\"dateModified\":\"2025-11-21T10:04:14+00:00\",\"breadcrumb\":{\"@id\":\"https:\\\/\\\/veno.es\\\/shop\\\/legal-notice\\\/#breadcrumb\"},\"inLanguage\":\"en-US\",\"potentialAction\":[{\"@type\":\"ReadAction\",\"target\":[\"https:\\\/\\\/veno.es\\\/shop\\\/legal-notice\\\/\"]}]},{\"@type\":\"BreadcrumbList\",\"@id\":\"https:\\\/\\\/veno.es\\\/shop\\\/legal-notice\\\/#breadcrumb\",\"itemListElement\":[{\"@type\":\"ListItem\",\"position\":1,\"name\":\"Home\",\"item\":\"https:\\\/\\\/veno.es\\\/shop\\\/\"},{\"@type\":\"ListItem\",\"position\":2,\"name\":\"Legal Notice\"}]},{\"@type\":\"WebSite\",\"@id\":\"https:\\\/\\\/veno.es\\\/shop\\\/#website\",\"url\":\"https:\\\/\\\/veno.es\\\/shop\\\/\",\"name\":\"Veno Store\",\"description\":\"by Nicola Franchini\",\"publisher\":{\"@id\":\"https:\\\/\\\/veno.es\\\/shop\\\/#organization\"},\"potentialAction\":[{\"@type\":\"SearchAction\",\"target\":{\"@type\":\"EntryPoint\",\"urlTemplate\":\"https:\\\/\\\/veno.es\\\/shop\\\/?s={search_term_string}\"},\"query-input\":{\"@type\":\"PropertyValueSpecification\",\"valueRequired\":true,\"valueName\":\"search_term_string\"}}],\"inLanguage\":\"en-US\"},{\"@type\":\"Organization\",\"@id\":\"https:\\\/\\\/veno.es\\\/shop\\\/#organization\",\"name\":\"Veno Store\",\"url\":\"https:\\\/\\\/veno.es\\\/shop\\\/\",\"logo\":{\"@type\":\"ImageObject\",\"inLanguage\":\"en-US\",\"@id\":\"https:\\\/\\\/veno.es\\\/shop\\\/#\\\/schema\\\/logo\\\/image\\\/\",\"url\":\"https:\\\/\\\/veno.es\\\/shop\\\/wp-content\\\/uploads\\\/2025\\\/09\\\/nf-icon.jpg\",\"contentUrl\":\"https:\\\/\\\/veno.es\\\/shop\\\/wp-content\\\/uploads\\\/2025\\\/09\\\/nf-icon.jpg\",\"width\":378,\"height\":378,\"caption\":\"Veno Store\"},\"image\":{\"@id\":\"https:\\\/\\\/veno.es\\\/shop\\\/#\\\/schema\\\/logo\\\/image\\\/\"}}]}<\/script>\n<!-- \/ Yoast SEO plugin. -->","yoast_head_json":{"title":"Legal Notice - Veno Store","robots":{"index":"index","follow":"follow","max-snippet":"max-snippet:-1","max-image-preview":"max-image-preview:large","max-video-preview":"max-video-preview:-1"},"canonical":"https:\/\/veno.es\/shop\/legal-notice\/","og_locale":"en_US","og_type":"article","og_title":"Legal Notice - Veno Store","og_description":"\ud83c\uddea\ud83c\uddf8\/\ud83c\uddec\ud83c\udde7 AVISO LEGAL \/ LEGAL NOTICE 1. Datos Identificativos (Identifying Data) En cumplimiento con el deber de informaci\u00f3n recogido en art\u00edculo 10 de la Ley 34\/2002, de 11 de julio, de Servicios de la Sociedad de la Informaci\u00f3n y del Comercio Electr\u00f3nico (LSSI-CE), se informa que el titular del sitio web y proveedor del Plugin\/Servicio [&hellip;]","og_url":"https:\/\/veno.es\/shop\/legal-notice\/","og_site_name":"Veno Store","article_modified_time":"2025-11-21T10:04:14+00:00","twitter_card":"summary_large_image","twitter_misc":{"Est. reading time":"3 minutes"},"schema":{"@context":"https:\/\/schema.org","@graph":[{"@type":"WebPage","@id":"https:\/\/veno.es\/shop\/legal-notice\/","url":"https:\/\/veno.es\/shop\/legal-notice\/","name":"Legal Notice - Veno Store","isPartOf":{"@id":"https:\/\/veno.es\/shop\/#website"},"datePublished":"2025-11-20T18:58:37+00:00","dateModified":"2025-11-21T10:04:14+00:00","breadcrumb":{"@id":"https:\/\/veno.es\/shop\/legal-notice\/#breadcrumb"},"inLanguage":"en-US","potentialAction":[{"@type":"ReadAction","target":["https:\/\/veno.es\/shop\/legal-notice\/"]}]},{"@type":"BreadcrumbList","@id":"https:\/\/veno.es\/shop\/legal-notice\/#breadcrumb","itemListElement":[{"@type":"ListItem","position":1,"name":"Home","item":"https:\/\/veno.es\/shop\/"},{"@type":"ListItem","position":2,"name":"Legal Notice"}]},{"@type":"WebSite","@id":"https:\/\/veno.es\/shop\/#website","url":"https:\/\/veno.es\/shop\/","name":"Veno Store","description":"by Nicola Franchini","publisher":{"@id":"https:\/\/veno.es\/shop\/#organization"},"potentialAction":[{"@type":"SearchAction","target":{"@type":"EntryPoint","urlTemplate":"https:\/\/veno.es\/shop\/?s={search_term_string}"},"query-input":{"@type":"PropertyValueSpecification","valueRequired":true,"valueName":"search_term_string"}}],"inLanguage":"en-US"},{"@type":"Organization","@id":"https:\/\/veno.es\/shop\/#organization","name":"Veno Store","url":"https:\/\/veno.es\/shop\/","logo":{"@type":"ImageObject","inLanguage":"en-US","@id":"https:\/\/veno.es\/shop\/#\/schema\/logo\/image\/","url":"https:\/\/veno.es\/shop\/wp-content\/uploads\/2025\/09\/nf-icon.jpg","contentUrl":"https:\/\/veno.es\/shop\/wp-content\/uploads\/2025\/09\/nf-icon.jpg","width":378,"height":378,"caption":"Veno Store"},"image":{"@id":"https:\/\/veno.es\/shop\/#\/schema\/logo\/image\/"}}]}},"_links":{"self":[{"href":"https:\/\/veno.es\/shop\/wp-json\/wp\/v2\/pages\/37","targetHints":{"allow":["GET"]}}],"collection":[{"href":"https:\/\/veno.es\/shop\/wp-json\/wp\/v2\/pages"}],"about":[{"href":"https:\/\/veno.es\/shop\/wp-json\/wp\/v2\/types\/page"}],"author":[{"embeddable":true,"href":"https:\/\/veno.es\/shop\/wp-json\/wp\/v2\/users\/1"}],"replies":[{"embeddable":true,"href":"https:\/\/veno.es\/shop\/wp-json\/wp\/v2\/comments?post=37"}],"version-history":[{"count":5,"href":"https:\/\/veno.es\/shop\/wp-json\/wp\/v2\/pages\/37\/revisions"}],"predecessor-version":[{"id":52,"href":"https:\/\/veno.es\/shop\/wp-json\/wp\/v2\/pages\/37\/revisions\/52"}],"wp:attachment":[{"href":"https:\/\/veno.es\/shop\/wp-json\/wp\/v2\/media?parent=37"}],"curies":[{"name":"wp","href":"https:\/\/api.w.org\/{rel}","templated":true}]}}